{"id":3137,"date":"2026-04-28T13:54:29","date_gmt":"2026-04-28T13:54:29","guid":{"rendered":"https:\/\/www.cvo-international.com\/assortiment-delights\/"},"modified":"2026-04-29T11:00:29","modified_gmt":"2026-04-29T11:00:29","slug":"assortiment-delights","status":"publish","type":"page","link":"https:\/\/www.cvo-international.com\/fr\/assortiment-delights\/","title":{"rendered":"Assortiment Delights"},"content":{"rendered":"\t\t<div data-elementor-type=\"wp-page\" data-elementor-id=\"3137\" class=\"elementor elementor-3137 elementor-2877\" data-elementor-post-type=\"page\">\n\t\t\t\t<div class=\"elementor-element elementor-element-37b6b4f8 e-con-full e-flex e-con e-parent\" data-id=\"37b6b4f8\" data-element_type=\"container\" data-settings=\"{&quot;background_background&quot;:&quot;classic&quot;}\">\n\t\t\t\t<\/div>\n\t\t<div class=\"elementor-element elementor-element-70a71d49 e-con-full e-flex e-con e-parent\" data-id=\"70a71d49\" data-element_type=\"container\">\n\t\t<div class=\"elementor-element elementor-element-2983acb e-con-full e-flex e-con e-child\" data-id=\"2983acb\" data-element_type=\"container\" data-settings=\"{&quot;background_background&quot;:&quot;classic&quot;}\">\n\t\t\t\t<\/div>\n\t\t<div class=\"elementor-element elementor-element-1f696f9d e-con-full e-flex e-con e-child\" data-id=\"1f696f9d\" data-element_type=\"container\">\n\t\t\t\t<div class=\"elementor-element elementor-element-71e5572f elementor-hidden-mobile elementor-widget elementor-widget-heading\" data-id=\"71e5572f\" data-element_type=\"widget\" data-widget_type=\"heading.default\">\n\t\t\t\t<div class=\"elementor-widget-container\">\n\t\t\t\t\t<h2 class=\"elementor-heading-title elementor-size-default\">BUCHETTES pralin\u00e9<\/h2>\t\t\t\t<\/div>\n\t\t\t\t<\/div>\n\t\t\t\t<div class=\"elementor-element elementor-element-443c91c elementor-widget elementor-widget-text-editor\" data-id=\"443c91c\" data-element_type=\"widget\" data-widget_type=\"text-editor.default\">\n\t\t\t\t<div class=\"elementor-widget-container\">\n\t\t\t\t\t\t\t\t\t<p data-path-to-node=\"0\">D\u00e9couvrez notre Buchette pralin\u00e9. Cette praline au fourrage <strong>soyeux<\/strong> et aux <b data-path-to-node=\"0\" data-index-in-node=\"12\">noisettes <\/b><strong>caram\u00e9lis\u00e9es <\/strong><strong>croquantes <\/strong>est un v\u00e9ritable classique de caract\u00e8re. <\/p><p data-path-to-node=\"1\">Les \u00e9clats de noisettes caram\u00e9lis\u00e9es apportent un croquant d\u00e9licieux et une saveur riche de noisette. Enrob\u00e9e de <strong>chocolat <\/strong><strong>belge <\/strong>de qualit\u00e9 sup\u00e9rieure, cette praline offre une harmonie parfaite entre douceur et croustillant, entre notes sucr\u00e9es et intenses. <\/p><p data-path-to-node=\"3\">Les Buchettes sont <b data-path-to-node=\"3\" data-index-in-node=\"18\">emball\u00e9es <\/b><b data-path-to-node=\"3\" data-index-in-node=\"72\">individuellement <\/b>dans une bo\u00eete cadeau de 210 g. Chaque bo\u00eete contient 7 d\u00e9licieuses pralines au chocolat blanc, au lait et noir. <\/p>\t\t\t\t\t\t\t\t<\/div>\n\t\t\t\t<\/div>\n\t\t\t\t<\/div>\n\t\t\t\t<\/div>\n\t\t<div class=\"elementor-element elementor-element-3cca6c21 e-con-full e-flex e-con e-parent\" data-id=\"3cca6c21\" data-element_type=\"container\" data-settings=\"{&quot;background_background&quot;:&quot;classic&quot;}\">\n\t\t<div class=\"elementor-element elementor-element-610eb05b e-con-full e-flex e-con e-child\" data-id=\"610eb05b\" data-element_type=\"container\" data-settings=\"{&quot;background_background&quot;:&quot;classic&quot;}\">\n\t\t\t\t<\/div>\n\t\t<div class=\"elementor-element elementor-element-24391f81 e-con-full e-flex e-con e-child\" data-id=\"24391f81\" data-element_type=\"container\">\n\t\t\t\t<div class=\"elementor-element elementor-element-426f535a elementor-widget elementor-widget-heading\" data-id=\"426f535a\" data-element_type=\"widget\" data-widget_type=\"heading.default\">\n\t\t\t\t<div class=\"elementor-widget-container\">\n\t\t\t\t\t<h2 class=\"elementor-heading-title elementor-size-default\">Bo\u00eete cadeau<\/h2>\t\t\t\t<\/div>\n\t\t\t\t<\/div>\n\t\t\t\t<div class=\"elementor-element elementor-element-5c86af75 elementor-widget elementor-widget-text-editor\" data-id=\"5c86af75\" data-element_type=\"widget\" data-widget_type=\"text-editor.default\">\n\t\t\t\t<div class=\"elementor-widget-container\">\n\t\t\t\t\t\t\t\t\t<p data-path-to-node=\"0\">Ce coffret cadeau raffin\u00e9 et plat contient un assortiment de 13 pralines uniques, pr\u00e9sent\u00e9es sous blister.<\/p><p data-path-to-node=\"1\">Chaque chocolat est garni d&rsquo;un fourrage <b data-path-to-node=\"1\" data-index-in-node=\"46\">pralin\u00e9 <\/b><b data-path-to-node=\"1\" data-index-in-node=\"88\">maison <\/b>soyeux et enrob\u00e9 de chocolat 100 % belge.<\/p><p data-path-to-node=\"2\">Disponible en <b data-path-to-node=\"2\" data-index-in-node=\"16\">200g<\/b>.<\/p>\t\t\t\t\t\t\t\t<\/div>\n\t\t\t\t<\/div>\n\t\t\t\t<\/div>\n\t\t\t\t<\/div>\n\t\t<div class=\"elementor-element elementor-element-439fd3e8 e-con-full e-flex e-con e-parent\" data-id=\"439fd3e8\" data-element_type=\"container\">\n\t\t<div class=\"elementor-element elementor-element-31efbddd e-con-full e-flex e-con e-child\" data-id=\"31efbddd\" data-element_type=\"container\" data-settings=\"{&quot;background_background&quot;:&quot;classic&quot;}\">\n\t\t\t\t<\/div>\n\t\t<div class=\"elementor-element elementor-element-116c3f3a e-con-full e-flex e-con e-child\" data-id=\"116c3f3a\" data-element_type=\"container\">\n\t\t\t\t<div class=\"elementor-element elementor-element-3f82153f elementor-widget elementor-widget-heading\" data-id=\"3f82153f\" data-element_type=\"widget\" data-widget_type=\"heading.default\">\n\t\t\t\t<div class=\"elementor-widget-container\">\n\t\t\t\t\t<h2 class=\"elementor-heading-title elementor-size-default\">chocolats en canette<\/h2>\t\t\t\t<\/div>\n\t\t\t\t<\/div>\n\t\t\t\t<div class=\"elementor-element elementor-element-48014801 elementor-widget elementor-widget-text-editor\" data-id=\"48014801\" data-element_type=\"widget\" data-widget_type=\"text-editor.default\">\n\t\t\t\t<div class=\"elementor-widget-container\">\n\t\t\t\t\t\t\t\t\t<p>Chocolat belge dans un emballage surprenant, <b data-path-to-node=\"0\" data-index-in-node=\"0\">pour chaque occasion sp\u00e9ciale.<\/b><\/p><p>Les amateurs de chocolat choisissent <b data-path-to-node=\"0\" data-index-in-node=\"61\">l&rsquo;exp\u00e9rience <\/b><b data-path-to-node=\"0\" data-index-in-node=\"133\">gustative <\/b><b data-path-to-node=\"0\" data-index-in-node=\"133\">unique <\/b>de Chocolate Delights. Les canettes sont disponibles en 4 assortiments de 65 g (6 pi\u00e8ces).<\/p><p>\u00c9galement disponible sous forme d&rsquo;un bel \u00e9l\u00e9gant coffret cadeau contenant 4 canettes.<\/p><p>\u00a0<\/p><p>Ce <strong>concept <\/strong><strong>unique <\/strong>permet d&rsquo;explorer de nouveaux march\u00e9s :<\/p><ul><li>mini-bars d&rsquo;h\u00f4tels,<\/li><li>magasins de proximit\u00e9,<\/li><li>stations-service,<\/li><li>cin\u00e9mas,<\/li><li>h\u00f4pitaux,<\/li><li>a\u00e9roports, ports maritimes,<\/li><li>catering pour avions, bateaux et trains,<\/li><li>boutiques de cadeaux et de carterie, maisons de la presse,<\/li><\/ul>\t\t\t\t\t\t\t\t<\/div>\n\t\t\t\t<\/div>\n\t\t\t\t<\/div>\n\t\t\t\t<\/div>\n\t\t<div class=\"elementor-element elementor-element-3e75cbab e-con-full e-flex e-con e-parent\" data-id=\"3e75cbab\" data-element_type=\"container\">\n\t\t<div class=\"elementor-element elementor-element-2e532f15 e-con-full e-flex e-con e-child\" data-id=\"2e532f15\" data-element_type=\"container\" data-settings=\"{&quot;background_background&quot;:&quot;classic&quot;}\">\n\t\t\t\t<\/div>\n\t\t<div class=\"elementor-element elementor-element-399edda0 e-con-full e-flex e-con e-child\" data-id=\"399edda0\" data-element_type=\"container\">\n\t\t\t\t<div class=\"elementor-element elementor-element-39376a6b elementor-hidden-mobile elementor-widget elementor-widget-heading\" data-id=\"39376a6b\" data-element_type=\"widget\" data-widget_type=\"heading.default\">\n\t\t\t\t<div class=\"elementor-widget-container\">\n\t\t\t\t\t<h2 class=\"elementor-heading-title elementor-size-default\">Pralines fruit\u00e9es \u00e0 la cr\u00e8me<\/h2>\t\t\t\t<\/div>\n\t\t\t\t<\/div>\n\t\t\t\t<div class=\"elementor-element elementor-element-17a37fa3 elementor-widget elementor-widget-text-editor\" data-id=\"17a37fa3\" data-element_type=\"widget\" data-widget_type=\"text-editor.default\">\n\t\t\t\t<div class=\"elementor-widget-container\">\n\t\t\t\t\t\t\t\t\t<p data-path-to-node=\"0\">Nos Manons aux fruits allient le meilleur des deux mondes : une <strong>garniture<\/strong> <strong>onctueuse<\/strong> et cr\u00e9meuse rehauss\u00e9e de notes fra\u00eeches et fruit\u00e9es.<\/p><p data-path-to-node=\"1\">Chaque praline surprend par son alliance parfaite entre douceur et fruit, le tout enrob\u00e9 d&rsquo;un chocolat belge de qualit\u00e9 sup\u00e9rieure.<\/p><p data-path-to-node=\"2\">Les <strong>12 Manons<\/strong> sont pr\u00e9sent\u00e9s dans un blister transparent de 200 g, garantissant une protection et une fra\u00eecheur optimales, tout en offrant une pr\u00e9sentation soign\u00e9e et hygi\u00e9nique.<\/p>\t\t\t\t\t\t\t\t<\/div>\n\t\t\t\t<\/div>\n\t\t\t\t<\/div>\n\t\t\t\t<\/div>\n\t\t\t\t<\/div>\n\t\t","protected":false},"excerpt":{"rendered":"<p>BUCHETTES pralin\u00e9 D\u00e9couvrez notre Buchette pralin\u00e9. Cette praline au fourrage soyeux et aux noisettes caram\u00e9lis\u00e9es croquantes est un v\u00e9ritable classique de caract\u00e8re. Les \u00e9clats de noisettes caram\u00e9lis\u00e9es apportent un croquant d\u00e9licieux et une saveur riche de noisette. Enrob\u00e9e de chocolat belge de qualit\u00e9 sup\u00e9rieure, cette praline offre une harmonie parfaite entre douceur et croustillant, entre [&hellip;]<\/p>\n","protected":false},"author":2,"featured_media":0,"parent":0,"menu_order":0,"comment_status":"closed","ping_status":"closed","template":"","meta":{"footnotes":""},"class_list":["post-3137","page","type-page","status-publish","hentry"],"yoast_head":"<!-- This site is optimized with the Yoast SEO plugin v27.2 - https:\/\/yoast.com\/product\/yoast-seo-wordpress\/ -->\n<title>Assortiment Delights - CVO International<\/title>\n<meta name=\"robots\" content=\"index, follow, max-snippet:-1, max-image-preview:large, max-video-preview:-1\" \/>\n<link rel=\"canonical\" href=\"https:\/\/www.cvo-international.com\/fr\/assortiment-delights\/\" \/>\n<meta property=\"og:locale\" content=\"fr_FR\" \/>\n<meta property=\"og:type\" content=\"article\" \/>\n<meta property=\"og:title\" content=\"Assortiment Delights - CVO International\" \/>\n<meta property=\"og:description\" content=\"BUCHETTES pralin\u00e9 D\u00e9couvrez notre Buchette pralin\u00e9. Cette praline au fourrage soyeux et aux noisettes caram\u00e9lis\u00e9es croquantes est un v\u00e9ritable classique de caract\u00e8re. Les \u00e9clats de noisettes caram\u00e9lis\u00e9es apportent un croquant d\u00e9licieux et une saveur riche de noisette. Enrob\u00e9e de chocolat belge de qualit\u00e9 sup\u00e9rieure, cette praline offre une harmonie parfaite entre douceur et croustillant, entre [&hellip;]\" \/>\n<meta property=\"og:url\" content=\"https:\/\/www.cvo-international.com\/fr\/assortiment-delights\/\" \/>\n<meta property=\"og:site_name\" content=\"CVO International\" \/>\n<meta property=\"article:modified_time\" content=\"2026-04-29T11:00:29+00:00\" \/>\n<meta name=\"twitter:card\" content=\"summary_large_image\" \/>\n<meta name=\"twitter:label1\" content=\"Dur\u00e9e de lecture estim\u00e9e\" \/>\n\t<meta name=\"twitter:data1\" content=\"2 minutes\" \/>\n<script type=\"application\/ld+json\" class=\"yoast-schema-graph\">{\"@context\":\"https:\/\/schema.org\",\"@graph\":[{\"@type\":\"WebPage\",\"@id\":\"https:\/\/www.cvo-international.com\/fr\/assortiment-delights\/\",\"url\":\"https:\/\/www.cvo-international.com\/fr\/assortiment-delights\/\",\"name\":\"Assortiment Delights - CVO International\",\"isPartOf\":{\"@id\":\"https:\/\/www.cvo-international.com\/#website\"},\"datePublished\":\"2026-04-28T13:54:29+00:00\",\"dateModified\":\"2026-04-29T11:00:29+00:00\",\"breadcrumb\":{\"@id\":\"https:\/\/www.cvo-international.com\/fr\/assortiment-delights\/#breadcrumb\"},\"inLanguage\":\"fr-FR\",\"potentialAction\":[{\"@type\":\"ReadAction\",\"target\":[\"https:\/\/www.cvo-international.com\/fr\/assortiment-delights\/\"]}]},{\"@type\":\"BreadcrumbList\",\"@id\":\"https:\/\/www.cvo-international.com\/fr\/assortiment-delights\/#breadcrumb\",\"itemListElement\":[{\"@type\":\"ListItem\",\"position\":1,\"name\":\"Home\",\"item\":\"https:\/\/www.cvo-international.com\/fr\/\"},{\"@type\":\"ListItem\",\"position\":2,\"name\":\"Assortiment Delights\"}]},{\"@type\":\"WebSite\",\"@id\":\"https:\/\/www.cvo-international.com\/#website\",\"url\":\"https:\/\/www.cvo-international.com\/\",\"name\":\"CVO International\",\"description\":\"\",\"publisher\":{\"@id\":\"https:\/\/www.cvo-international.com\/#organization\"},\"potentialAction\":[{\"@type\":\"SearchAction\",\"target\":{\"@type\":\"EntryPoint\",\"urlTemplate\":\"https:\/\/www.cvo-international.com\/?s={search_term_string}\"},\"query-input\":{\"@type\":\"PropertyValueSpecification\",\"valueRequired\":true,\"valueName\":\"search_term_string\"}}],\"inLanguage\":\"fr-FR\"},{\"@type\":\"Organization\",\"@id\":\"https:\/\/www.cvo-international.com\/#organization\",\"name\":\"CVO International\",\"url\":\"https:\/\/www.cvo-international.com\/\",\"logo\":{\"@type\":\"ImageObject\",\"inLanguage\":\"fr-FR\",\"@id\":\"https:\/\/www.cvo-international.com\/#\/schema\/logo\/image\/\",\"url\":\"https:\/\/www.cvo-international.com\/wp-content\/uploads\/2025\/03\/logo-ander-formaat.png\",\"contentUrl\":\"https:\/\/www.cvo-international.com\/wp-content\/uploads\/2025\/03\/logo-ander-formaat.png\",\"width\":500,\"height\":200,\"caption\":\"CVO International\"},\"image\":{\"@id\":\"https:\/\/www.cvo-international.com\/#\/schema\/logo\/image\/\"}}]}<\/script>\n<!-- \/ Yoast SEO plugin. -->","yoast_head_json":{"title":"Assortiment Delights - CVO International","robots":{"index":"index","follow":"follow","max-snippet":"max-snippet:-1","max-image-preview":"max-image-preview:large","max-video-preview":"max-video-preview:-1"},"canonical":"https:\/\/www.cvo-international.com\/fr\/assortiment-delights\/","og_locale":"fr_FR","og_type":"article","og_title":"Assortiment Delights - CVO International","og_description":"BUCHETTES pralin\u00e9 D\u00e9couvrez notre Buchette pralin\u00e9. Cette praline au fourrage soyeux et aux noisettes caram\u00e9lis\u00e9es croquantes est un v\u00e9ritable classique de caract\u00e8re. Les \u00e9clats de noisettes caram\u00e9lis\u00e9es apportent un croquant d\u00e9licieux et une saveur riche de noisette. Enrob\u00e9e de chocolat belge de qualit\u00e9 sup\u00e9rieure, cette praline offre une harmonie parfaite entre douceur et croustillant, entre [&hellip;]","og_url":"https:\/\/www.cvo-international.com\/fr\/assortiment-delights\/","og_site_name":"CVO International","article_modified_time":"2026-04-29T11:00:29+00:00","twitter_card":"summary_large_image","twitter_misc":{"Dur\u00e9e de lecture estim\u00e9e":"2 minutes"},"schema":{"@context":"https:\/\/schema.org","@graph":[{"@type":"WebPage","@id":"https:\/\/www.cvo-international.com\/fr\/assortiment-delights\/","url":"https:\/\/www.cvo-international.com\/fr\/assortiment-delights\/","name":"Assortiment Delights - CVO International","isPartOf":{"@id":"https:\/\/www.cvo-international.com\/#website"},"datePublished":"2026-04-28T13:54:29+00:00","dateModified":"2026-04-29T11:00:29+00:00","breadcrumb":{"@id":"https:\/\/www.cvo-international.com\/fr\/assortiment-delights\/#breadcrumb"},"inLanguage":"fr-FR","potentialAction":[{"@type":"ReadAction","target":["https:\/\/www.cvo-international.com\/fr\/assortiment-delights\/"]}]},{"@type":"BreadcrumbList","@id":"https:\/\/www.cvo-international.com\/fr\/assortiment-delights\/#breadcrumb","itemListElement":[{"@type":"ListItem","position":1,"name":"Home","item":"https:\/\/www.cvo-international.com\/fr\/"},{"@type":"ListItem","position":2,"name":"Assortiment Delights"}]},{"@type":"WebSite","@id":"https:\/\/www.cvo-international.com\/#website","url":"https:\/\/www.cvo-international.com\/","name":"CVO International","description":"","publisher":{"@id":"https:\/\/www.cvo-international.com\/#organization"},"potentialAction":[{"@type":"SearchAction","target":{"@type":"EntryPoint","urlTemplate":"https:\/\/www.cvo-international.com\/?s={search_term_string}"},"query-input":{"@type":"PropertyValueSpecification","valueRequired":true,"valueName":"search_term_string"}}],"inLanguage":"fr-FR"},{"@type":"Organization","@id":"https:\/\/www.cvo-international.com\/#organization","name":"CVO International","url":"https:\/\/www.cvo-international.com\/","logo":{"@type":"ImageObject","inLanguage":"fr-FR","@id":"https:\/\/www.cvo-international.com\/#\/schema\/logo\/image\/","url":"https:\/\/www.cvo-international.com\/wp-content\/uploads\/2025\/03\/logo-ander-formaat.png","contentUrl":"https:\/\/www.cvo-international.com\/wp-content\/uploads\/2025\/03\/logo-ander-formaat.png","width":500,"height":200,"caption":"CVO International"},"image":{"@id":"https:\/\/www.cvo-international.com\/#\/schema\/logo\/image\/"}}]}},"_links":{"self":[{"href":"https:\/\/www.cvo-international.com\/fr\/wp-json\/wp\/v2\/pages\/3137","targetHints":{"allow":["GET"]}}],"collection":[{"href":"https:\/\/www.cvo-international.com\/fr\/wp-json\/wp\/v2\/pages"}],"about":[{"href":"https:\/\/www.cvo-international.com\/fr\/wp-json\/wp\/v2\/types\/page"}],"author":[{"embeddable":true,"href":"https:\/\/www.cvo-international.com\/fr\/wp-json\/wp\/v2\/users\/2"}],"replies":[{"embeddable":true,"href":"https:\/\/www.cvo-international.com\/fr\/wp-json\/wp\/v2\/comments?post=3137"}],"version-history":[{"count":9,"href":"https:\/\/www.cvo-international.com\/fr\/wp-json\/wp\/v2\/pages\/3137\/revisions"}],"predecessor-version":[{"id":3169,"href":"https:\/\/www.cvo-international.com\/fr\/wp-json\/wp\/v2\/pages\/3137\/revisions\/3169"}],"wp:attachment":[{"href":"https:\/\/www.cvo-international.com\/fr\/wp-json\/wp\/v2\/media?parent=3137"}],"curies":[{"name":"wp","href":"https:\/\/api.w.org\/{rel}","templated":true}]}}