{"id":2279,"date":"2025-05-21T09:35:41","date_gmt":"2025-05-21T09:35:41","guid":{"rendered":"https:\/\/www.cvo-international.com\/labels-de-qualite\/"},"modified":"2025-06-13T10:28:30","modified_gmt":"2025-06-13T10:28:30","slug":"labels-de-qualite","status":"publish","type":"page","link":"https:\/\/www.cvo-international.com\/fr\/labels-de-qualite\/","title":{"rendered":"Labels de qualit\u00e9"},"content":{"rendered":"\t\t<div data-elementor-type=\"wp-page\" data-elementor-id=\"2279\" class=\"elementor elementor-2279 elementor-1943\" data-elementor-post-type=\"page\">\n\t\t\t\t<div class=\"elementor-element elementor-element-56dfbdd1 e-con-full e-flex e-con e-parent\" data-id=\"56dfbdd1\" data-element_type=\"container\">\n\t\t<div class=\"elementor-element elementor-element-6ee577d0 e-con-full e-flex e-con e-child\" data-id=\"6ee577d0\" data-element_type=\"container\" data-settings=\"{&quot;background_background&quot;:&quot;classic&quot;}\">\n\t\t\t\t<\/div>\n\t\t<div class=\"elementor-element elementor-element-53169d64 e-con-full e-flex e-con e-child\" data-id=\"53169d64\" data-element_type=\"container\">\n\t\t\t\t<div class=\"elementor-element elementor-element-34fe94fd elementor-widget elementor-widget-menu-anchor\" data-id=\"34fe94fd\" data-element_type=\"widget\" data-widget_type=\"menu-anchor.default\">\n\t\t\t\t<div class=\"elementor-widget-container\">\n\t\t\t\t\t\t\t<div class=\"elementor-menu-anchor\" id=\"ciblededfilement\"><\/div>\n\t\t\t\t\t\t<\/div>\n\t\t\t\t<\/div>\n\t\t\t\t<div class=\"elementor-element elementor-element-4f16b elementor-hidden-mobile elementor-widget elementor-widget-heading\" data-id=\"4f16b\" data-element_type=\"widget\" data-widget_type=\"heading.default\">\n\t\t\t\t<div class=\"elementor-widget-container\">\n\t\t\t\t\t<h2 class=\"elementor-heading-title elementor-size-default\">Certificats BRC et IFS<\/h2>\t\t\t\t<\/div>\n\t\t\t\t<\/div>\n\t\t\t\t<div class=\"elementor-element elementor-element-7bf4918f elementor-widget elementor-widget-text-editor\" data-id=\"7bf4918f\" data-element_type=\"widget\" data-widget_type=\"text-editor.default\">\n\t\t\t\t<div class=\"elementor-widget-container\">\n\t\t\t\t\t\t\t\t\t<p class=\"\" data-start=\"65\" data-end=\"396\">Nous sommes fiers d\u2019annoncer qu\u2019au cours de l\u2019ann\u00e9e \u00e9coul\u00e9e, nous avons obtenu d\u2019excellents r\u00e9sultats en mati\u00e8re de s\u00e9curit\u00e9 alimentaire et de qualit\u00e9. Lors des audits annuels pour la norme IFS Food ainsi que pour la norme BRC Global Standard for Food Safety, nous avons non seulement r\u00e9pondu aux attentes, mais les avons m\u00eame d\u00e9pass\u00e9es avec succ\u00e8s.<\/p><p class=\"\" data-start=\"398\" data-end=\"740\">Pour l\u2019audit IFS, nous avons obtenu<strong> <a href=\"https:\/\/www.cvo-international.com\/wp-content\/uploads\/2025\/05\/PDF-2025-RC-6942-2007-AIFS-BEL-ACCREDIA-IFS-002.pdf\" target=\"_blank\" rel=\"noopener\">une certification de haut niveau<\/a><\/strong> avec un score de <strong>98,34 %<\/strong>, ce qui prouve que nos processus de production, notre contr\u00f4le qualit\u00e9 et notre tra\u00e7abilit\u00e9 r\u00e9pondent pleinement aux normes internationales les plus strictes. Il s\u2019agit d\u2019une reconnaissance importante de notre engagement \u00e0 produire un chocolat s\u00fbr et de haute qualit\u00e9.<\/p><p class=\"\" data-start=\"742\" data-end=\"1006\">L\u2019audit BRC a abouti \u00e0 <strong><a href=\"https:\/\/www.cvo-international.com\/wp-content\/uploads\/2025\/05\/PDF-2025-RC-53174-2009-ABRC-BEL-ACCREDIA-BRC.pdf\" target=\"_blank\" rel=\"noopener\">une note A+<\/a><\/strong>. Cela confirme que notre syst\u00e8me qualit\u00e9 et nos proc\u00e9dures de s\u00e9curit\u00e9 alimentaire sont rigoureusement mis en \u0153uvre et respect\u00e9s de mani\u00e8re constante \u2013 depuis la r\u00e9ception des mati\u00e8res premi\u00e8res jusqu\u2019\u00e0 l\u2019emballage de nos pralines.<\/p><p class=\"\" data-start=\"1008\" data-end=\"1332\">Ces r\u00e9sultats de certification soulignent notre engagement constant envers la qualit\u00e9, l\u2019hygi\u00e8ne et la satisfaction de nos clients. Nous continuons d\u2019investir dans la formation, l\u2019innovation et l\u2019optimisation de nos processus afin de maintenir ces normes \u00e9lev\u00e9es et de garantir \u00e0 nos clients qu\u2019ils peuvent continuer \u00e0 faire confiance \u00e0 la s\u00e9curit\u00e9 et \u00e0 la qualit\u00e9 de notre chocolat.\u00a0\u00bb<\/p>\t\t\t\t\t\t\t\t<\/div>\n\t\t\t\t<\/div>\n\t\t\t\t<\/div>\n\t\t\t\t<\/div>\n\t\t\t\t<\/div>\n\t\t","protected":false},"excerpt":{"rendered":"<p>Certificats BRC et IFS Nous sommes fiers d\u2019annoncer qu\u2019au cours de l\u2019ann\u00e9e \u00e9coul\u00e9e, nous avons obtenu d\u2019excellents r\u00e9sultats en mati\u00e8re de s\u00e9curit\u00e9 alimentaire et de qualit\u00e9. Lors des audits annuels pour la norme IFS Food ainsi que pour la norme BRC Global Standard for Food Safety, nous avons non seulement r\u00e9pondu aux attentes, mais les [&hellip;]<\/p>\n","protected":false},"author":2,"featured_media":0,"parent":0,"menu_order":0,"comment_status":"closed","ping_status":"closed","template":"","meta":{"footnotes":""},"class_list":["post-2279","page","type-page","status-publish","hentry"],"yoast_head":"<!-- This site is optimized with the Yoast SEO plugin v27.2 - https:\/\/yoast.com\/product\/yoast-seo-wordpress\/ -->\n<title>Labels de qualit\u00e9 - CVO International<\/title>\n<meta name=\"robots\" content=\"index, follow, max-snippet:-1, max-image-preview:large, max-video-preview:-1\" \/>\n<link rel=\"canonical\" href=\"https:\/\/www.cvo-international.com\/fr\/labels-de-qualite\/\" \/>\n<meta property=\"og:locale\" content=\"fr_FR\" \/>\n<meta property=\"og:type\" content=\"article\" \/>\n<meta property=\"og:title\" content=\"Labels de qualit\u00e9 - CVO International\" \/>\n<meta property=\"og:description\" content=\"Certificats BRC et IFS Nous sommes fiers d\u2019annoncer qu\u2019au cours de l\u2019ann\u00e9e \u00e9coul\u00e9e, nous avons obtenu d\u2019excellents r\u00e9sultats en mati\u00e8re de s\u00e9curit\u00e9 alimentaire et de qualit\u00e9. Lors des audits annuels pour la norme IFS Food ainsi que pour la norme BRC Global Standard for Food Safety, nous avons non seulement r\u00e9pondu aux attentes, mais les [&hellip;]\" \/>\n<meta property=\"og:url\" content=\"https:\/\/www.cvo-international.com\/fr\/labels-de-qualite\/\" \/>\n<meta property=\"og:site_name\" content=\"CVO International\" \/>\n<meta property=\"article:modified_time\" content=\"2025-06-13T10:28:30+00:00\" \/>\n<meta name=\"twitter:card\" content=\"summary_large_image\" \/>\n<meta name=\"twitter:label1\" content=\"Dur\u00e9e de lecture estim\u00e9e\" \/>\n\t<meta name=\"twitter:data1\" content=\"2 minutes\" \/>\n<script type=\"application\/ld+json\" class=\"yoast-schema-graph\">{\"@context\":\"https:\/\/schema.org\",\"@graph\":[{\"@type\":\"WebPage\",\"@id\":\"https:\/\/www.cvo-international.com\/fr\/labels-de-qualite\/\",\"url\":\"https:\/\/www.cvo-international.com\/fr\/labels-de-qualite\/\",\"name\":\"Labels de qualit\u00e9 - CVO International\",\"isPartOf\":{\"@id\":\"https:\/\/www.cvo-international.com\/#website\"},\"datePublished\":\"2025-05-21T09:35:41+00:00\",\"dateModified\":\"2025-06-13T10:28:30+00:00\",\"breadcrumb\":{\"@id\":\"https:\/\/www.cvo-international.com\/fr\/labels-de-qualite\/#breadcrumb\"},\"inLanguage\":\"fr-FR\",\"potentialAction\":[{\"@type\":\"ReadAction\",\"target\":[\"https:\/\/www.cvo-international.com\/fr\/labels-de-qualite\/\"]}]},{\"@type\":\"BreadcrumbList\",\"@id\":\"https:\/\/www.cvo-international.com\/fr\/labels-de-qualite\/#breadcrumb\",\"itemListElement\":[{\"@type\":\"ListItem\",\"position\":1,\"name\":\"Home\",\"item\":\"https:\/\/www.cvo-international.com\/fr\/\"},{\"@type\":\"ListItem\",\"position\":2,\"name\":\"Labels de qualit\u00e9\"}]},{\"@type\":\"WebSite\",\"@id\":\"https:\/\/www.cvo-international.com\/#website\",\"url\":\"https:\/\/www.cvo-international.com\/\",\"name\":\"CVO International\",\"description\":\"\",\"publisher\":{\"@id\":\"https:\/\/www.cvo-international.com\/#organization\"},\"potentialAction\":[{\"@type\":\"SearchAction\",\"target\":{\"@type\":\"EntryPoint\",\"urlTemplate\":\"https:\/\/www.cvo-international.com\/?s={search_term_string}\"},\"query-input\":{\"@type\":\"PropertyValueSpecification\",\"valueRequired\":true,\"valueName\":\"search_term_string\"}}],\"inLanguage\":\"fr-FR\"},{\"@type\":\"Organization\",\"@id\":\"https:\/\/www.cvo-international.com\/#organization\",\"name\":\"CVO International\",\"url\":\"https:\/\/www.cvo-international.com\/\",\"logo\":{\"@type\":\"ImageObject\",\"inLanguage\":\"fr-FR\",\"@id\":\"https:\/\/www.cvo-international.com\/#\/schema\/logo\/image\/\",\"url\":\"https:\/\/www.cvo-international.com\/wp-content\/uploads\/2025\/03\/logo-ander-formaat.png\",\"contentUrl\":\"https:\/\/www.cvo-international.com\/wp-content\/uploads\/2025\/03\/logo-ander-formaat.png\",\"width\":500,\"height\":200,\"caption\":\"CVO International\"},\"image\":{\"@id\":\"https:\/\/www.cvo-international.com\/#\/schema\/logo\/image\/\"}}]}<\/script>\n<!-- \/ Yoast SEO plugin. -->","yoast_head_json":{"title":"Labels de qualit\u00e9 - CVO International","robots":{"index":"index","follow":"follow","max-snippet":"max-snippet:-1","max-image-preview":"max-image-preview:large","max-video-preview":"max-video-preview:-1"},"canonical":"https:\/\/www.cvo-international.com\/fr\/labels-de-qualite\/","og_locale":"fr_FR","og_type":"article","og_title":"Labels de qualit\u00e9 - CVO International","og_description":"Certificats BRC et IFS Nous sommes fiers d\u2019annoncer qu\u2019au cours de l\u2019ann\u00e9e \u00e9coul\u00e9e, nous avons obtenu d\u2019excellents r\u00e9sultats en mati\u00e8re de s\u00e9curit\u00e9 alimentaire et de qualit\u00e9. Lors des audits annuels pour la norme IFS Food ainsi que pour la norme BRC Global Standard for Food Safety, nous avons non seulement r\u00e9pondu aux attentes, mais les [&hellip;]","og_url":"https:\/\/www.cvo-international.com\/fr\/labels-de-qualite\/","og_site_name":"CVO International","article_modified_time":"2025-06-13T10:28:30+00:00","twitter_card":"summary_large_image","twitter_misc":{"Dur\u00e9e de lecture estim\u00e9e":"2 minutes"},"schema":{"@context":"https:\/\/schema.org","@graph":[{"@type":"WebPage","@id":"https:\/\/www.cvo-international.com\/fr\/labels-de-qualite\/","url":"https:\/\/www.cvo-international.com\/fr\/labels-de-qualite\/","name":"Labels de qualit\u00e9 - CVO International","isPartOf":{"@id":"https:\/\/www.cvo-international.com\/#website"},"datePublished":"2025-05-21T09:35:41+00:00","dateModified":"2025-06-13T10:28:30+00:00","breadcrumb":{"@id":"https:\/\/www.cvo-international.com\/fr\/labels-de-qualite\/#breadcrumb"},"inLanguage":"fr-FR","potentialAction":[{"@type":"ReadAction","target":["https:\/\/www.cvo-international.com\/fr\/labels-de-qualite\/"]}]},{"@type":"BreadcrumbList","@id":"https:\/\/www.cvo-international.com\/fr\/labels-de-qualite\/#breadcrumb","itemListElement":[{"@type":"ListItem","position":1,"name":"Home","item":"https:\/\/www.cvo-international.com\/fr\/"},{"@type":"ListItem","position":2,"name":"Labels de qualit\u00e9"}]},{"@type":"WebSite","@id":"https:\/\/www.cvo-international.com\/#website","url":"https:\/\/www.cvo-international.com\/","name":"CVO International","description":"","publisher":{"@id":"https:\/\/www.cvo-international.com\/#organization"},"potentialAction":[{"@type":"SearchAction","target":{"@type":"EntryPoint","urlTemplate":"https:\/\/www.cvo-international.com\/?s={search_term_string}"},"query-input":{"@type":"PropertyValueSpecification","valueRequired":true,"valueName":"search_term_string"}}],"inLanguage":"fr-FR"},{"@type":"Organization","@id":"https:\/\/www.cvo-international.com\/#organization","name":"CVO International","url":"https:\/\/www.cvo-international.com\/","logo":{"@type":"ImageObject","inLanguage":"fr-FR","@id":"https:\/\/www.cvo-international.com\/#\/schema\/logo\/image\/","url":"https:\/\/www.cvo-international.com\/wp-content\/uploads\/2025\/03\/logo-ander-formaat.png","contentUrl":"https:\/\/www.cvo-international.com\/wp-content\/uploads\/2025\/03\/logo-ander-formaat.png","width":500,"height":200,"caption":"CVO International"},"image":{"@id":"https:\/\/www.cvo-international.com\/#\/schema\/logo\/image\/"}}]}},"_links":{"self":[{"href":"https:\/\/www.cvo-international.com\/fr\/wp-json\/wp\/v2\/pages\/2279","targetHints":{"allow":["GET"]}}],"collection":[{"href":"https:\/\/www.cvo-international.com\/fr\/wp-json\/wp\/v2\/pages"}],"about":[{"href":"https:\/\/www.cvo-international.com\/fr\/wp-json\/wp\/v2\/types\/page"}],"author":[{"embeddable":true,"href":"https:\/\/www.cvo-international.com\/fr\/wp-json\/wp\/v2\/users\/2"}],"replies":[{"embeddable":true,"href":"https:\/\/www.cvo-international.com\/fr\/wp-json\/wp\/v2\/comments?post=2279"}],"version-history":[{"count":4,"href":"https:\/\/www.cvo-international.com\/fr\/wp-json\/wp\/v2\/pages\/2279\/revisions"}],"predecessor-version":[{"id":2290,"href":"https:\/\/www.cvo-international.com\/fr\/wp-json\/wp\/v2\/pages\/2279\/revisions\/2290"}],"wp:attachment":[{"href":"https:\/\/www.cvo-international.com\/fr\/wp-json\/wp\/v2\/media?parent=2279"}],"curies":[{"name":"wp","href":"https:\/\/api.w.org\/{rel}","templated":true}]}}