{"id":2076,"date":"2025-04-04T07:35:49","date_gmt":"2025-04-04T07:35:49","guid":{"rendered":"https:\/\/www.cvo-international.com\/ovidias\/"},"modified":"2026-04-29T08:56:21","modified_gmt":"2026-04-29T08:56:21","slug":"ovidias","status":"publish","type":"page","link":"https:\/\/www.cvo-international.com\/fr\/ovidias\/","title":{"rendered":"Ovidias"},"content":{"rendered":"\t\t<div data-elementor-type=\"wp-page\" data-elementor-id=\"2076\" class=\"elementor elementor-2076 elementor-21\" data-elementor-post-type=\"page\">\n\t\t\t\t<div class=\"elementor-element elementor-element-724c301 e-con-full e-flex e-con e-parent\" data-id=\"724c301\" data-element_type=\"container\" data-settings=\"{&quot;background_background&quot;:&quot;classic&quot;}\">\n\t\t\t\t<\/div>\n\t\t<div class=\"elementor-element elementor-element-fc4b23a e-con-full e-flex e-con e-parent\" data-id=\"fc4b23a\" data-element_type=\"container\" data-settings=\"{&quot;background_background&quot;:&quot;classic&quot;}\">\n\t\t<div class=\"elementor-element elementor-element-26ec226 e-con-full e-flex e-con e-child\" data-id=\"26ec226\" data-element_type=\"container\">\n\t\t\t\t<div class=\"elementor-element elementor-element-675b5ab elementor-widget elementor-widget-text-editor\" data-id=\"675b5ab\" data-element_type=\"widget\" data-widget_type=\"text-editor.default\">\n\t\t\t\t<div class=\"elementor-widget-container\">\n\t\t\t\t\t\t\t\t\t<p><span style=\"font-weight: 400;\"><strong>Ovidias<\/strong> est notre marque la plus connue. En 1989, les pralines ont \u00e9t\u00e9 commercialis\u00e9es pour la premi\u00e8re fois sous le nom d&rsquo;Ovidias avec Ovide, ambassadeur des plaisirs sucr\u00e9s. <\/span><\/p><p><span style=\"font-weight: 400;\">L&rsquo;\u00e9crivain romain Ovide est consid\u00e9r\u00e9 \u00e0 juste titre comme l&rsquo;ic\u00f4ne de l&rsquo;\u00e9picurien. Sa pr\u00e9dilection pour toutes les bonnes choses nous a inspir\u00e9 le nom de notre marque. Pour nous, il est l&rsquo;ambassadeur des plaisirs sucr\u00e9s ; un embl\u00e8me qui garantit la qualit\u00e9 et le savoir-faire d&rsquo;Ovidias. <\/span><\/p><p><strong>Un univers o\u00f9 le go\u00fbt, la qualit\u00e9 et le plaisir sont au c\u0153ur de tout.<\/strong><\/p><p>\u00a0<\/p>\t\t\t\t\t\t\t\t<\/div>\n\t\t\t\t<\/div>\n\t\t<div class=\"elementor-element elementor-element-8005766 e-con-full e-flex e-con e-child\" data-id=\"8005766\" data-element_type=\"container\">\n\t\t\t\t<div class=\"elementor-element elementor-element-b78a1b1 elementor-widget elementor-widget-button\" data-id=\"b78a1b1\" data-element_type=\"widget\" data-widget_type=\"button.default\">\n\t\t\t\t<div class=\"elementor-widget-container\">\n\t\t\t\t\t\t\t\t\t<div class=\"elementor-button-wrapper\">\n\t\t\t\t\t<a class=\"elementor-button elementor-button-link elementor-size-sm\" href=\"http:\/\/www.ovidias.com\" target=\"_blank\">\n\t\t\t\t\t\t<span class=\"elementor-button-content-wrapper\">\n\t\t\t\t\t\t\t\t\t<span class=\"elementor-button-text\">D\u00e9couvrez Ovidias<\/span>\n\t\t\t\t\t<\/span>\n\t\t\t\t\t<\/a>\n\t\t\t\t<\/div>\n\t\t\t\t\t\t\t\t<\/div>\n\t\t\t\t<\/div>\n\t\t\t\t<\/div>\n\t\t\t\t<\/div>\n\t\t<div class=\"elementor-element elementor-element-ef8a75f e-con-full e-flex e-con e-child\" data-id=\"ef8a75f\" data-element_type=\"container\" data-settings=\"{&quot;background_background&quot;:&quot;classic&quot;}\">\n\t\t\t\t<\/div>\n\t\t\t\t<\/div>\n\t\t\t\t<\/div>\n\t\t","protected":false},"excerpt":{"rendered":"<p>Ovidias est notre marque la plus connue. En 1989, les pralines ont \u00e9t\u00e9 commercialis\u00e9es pour la premi\u00e8re fois sous le nom d&rsquo;Ovidias avec Ovide, ambassadeur des plaisirs sucr\u00e9s. L&rsquo;\u00e9crivain romain Ovide est consid\u00e9r\u00e9 \u00e0 juste titre comme l&rsquo;ic\u00f4ne de l&rsquo;\u00e9picurien. Sa pr\u00e9dilection pour toutes les bonnes choses nous a inspir\u00e9 le nom de notre marque. [&hellip;]<\/p>\n","protected":false},"author":1,"featured_media":0,"parent":0,"menu_order":0,"comment_status":"closed","ping_status":"closed","template":"","meta":{"footnotes":""},"class_list":["post-2076","page","type-page","status-publish","hentry"],"yoast_head":"<!-- This site is optimized with the Yoast SEO plugin v27.2 - https:\/\/yoast.com\/product\/yoast-seo-wordpress\/ -->\n<title>Pralines Ovidias | CVO International - Des pralines qui continuent de surprendre<\/title>\n<meta name=\"description\" content=\"Les chocolats Ovidias sont non seulement d\u00e9licieux, mais aussi intelligemment emball\u00e9s. Pour en savoir plus sur cette gamme unique de CVO International.\" \/>\n<meta name=\"robots\" content=\"index, follow, max-snippet:-1, max-image-preview:large, max-video-preview:-1\" \/>\n<link rel=\"canonical\" href=\"https:\/\/www.cvo-international.com\/fr\/ovidias\/\" \/>\n<meta property=\"og:locale\" content=\"fr_FR\" \/>\n<meta property=\"og:type\" content=\"article\" \/>\n<meta property=\"og:title\" content=\"Pralines Ovidias | CVO International - Des pralines qui continuent de surprendre\" \/>\n<meta property=\"og:description\" content=\"Les chocolats Ovidias sont non seulement d\u00e9licieux, mais aussi intelligemment emball\u00e9s. Pour en savoir plus sur cette gamme unique de CVO International.\" \/>\n<meta property=\"og:url\" content=\"https:\/\/www.cvo-international.com\/fr\/ovidias\/\" \/>\n<meta property=\"og:site_name\" content=\"CVO International\" \/>\n<meta property=\"article:modified_time\" content=\"2026-04-29T08:56:21+00:00\" \/>\n<meta name=\"twitter:card\" content=\"summary_large_image\" \/>\n<meta name=\"twitter:label1\" content=\"Dur\u00e9e de lecture estim\u00e9e\" \/>\n\t<meta name=\"twitter:data1\" content=\"1 minute\" \/>\n<script type=\"application\/ld+json\" class=\"yoast-schema-graph\">{\"@context\":\"https:\/\/schema.org\",\"@graph\":[{\"@type\":\"WebPage\",\"@id\":\"https:\/\/www.cvo-international.com\/fr\/ovidias\/\",\"url\":\"https:\/\/www.cvo-international.com\/fr\/ovidias\/\",\"name\":\"Pralines Ovidias | CVO International - Des pralines qui continuent de surprendre\",\"isPartOf\":{\"@id\":\"https:\/\/www.cvo-international.com\/#website\"},\"datePublished\":\"2025-04-04T07:35:49+00:00\",\"dateModified\":\"2026-04-29T08:56:21+00:00\",\"description\":\"Les chocolats Ovidias sont non seulement d\u00e9licieux, mais aussi intelligemment emball\u00e9s. Pour en savoir plus sur cette gamme unique de CVO International.\",\"breadcrumb\":{\"@id\":\"https:\/\/www.cvo-international.com\/fr\/ovidias\/#breadcrumb\"},\"inLanguage\":\"fr-FR\",\"potentialAction\":[{\"@type\":\"ReadAction\",\"target\":[\"https:\/\/www.cvo-international.com\/fr\/ovidias\/\"]}]},{\"@type\":\"BreadcrumbList\",\"@id\":\"https:\/\/www.cvo-international.com\/fr\/ovidias\/#breadcrumb\",\"itemListElement\":[{\"@type\":\"ListItem\",\"position\":1,\"name\":\"Home\",\"item\":\"https:\/\/www.cvo-international.com\/fr\/\"},{\"@type\":\"ListItem\",\"position\":2,\"name\":\"Ovidias\"}]},{\"@type\":\"WebSite\",\"@id\":\"https:\/\/www.cvo-international.com\/#website\",\"url\":\"https:\/\/www.cvo-international.com\/\",\"name\":\"CVO International\",\"description\":\"\",\"publisher\":{\"@id\":\"https:\/\/www.cvo-international.com\/#organization\"},\"potentialAction\":[{\"@type\":\"SearchAction\",\"target\":{\"@type\":\"EntryPoint\",\"urlTemplate\":\"https:\/\/www.cvo-international.com\/?s={search_term_string}\"},\"query-input\":{\"@type\":\"PropertyValueSpecification\",\"valueRequired\":true,\"valueName\":\"search_term_string\"}}],\"inLanguage\":\"fr-FR\"},{\"@type\":\"Organization\",\"@id\":\"https:\/\/www.cvo-international.com\/#organization\",\"name\":\"CVO International\",\"url\":\"https:\/\/www.cvo-international.com\/\",\"logo\":{\"@type\":\"ImageObject\",\"inLanguage\":\"fr-FR\",\"@id\":\"https:\/\/www.cvo-international.com\/#\/schema\/logo\/image\/\",\"url\":\"https:\/\/www.cvo-international.com\/wp-content\/uploads\/2025\/03\/logo-ander-formaat.png\",\"contentUrl\":\"https:\/\/www.cvo-international.com\/wp-content\/uploads\/2025\/03\/logo-ander-formaat.png\",\"width\":500,\"height\":200,\"caption\":\"CVO International\"},\"image\":{\"@id\":\"https:\/\/www.cvo-international.com\/#\/schema\/logo\/image\/\"}}]}<\/script>\n<!-- \/ Yoast SEO plugin. -->","yoast_head_json":{"title":"Pralines Ovidias | CVO International - Des pralines qui continuent de surprendre","description":"Les chocolats Ovidias sont non seulement d\u00e9licieux, mais aussi intelligemment emball\u00e9s. Pour en savoir plus sur cette gamme unique de CVO International.","robots":{"index":"index","follow":"follow","max-snippet":"max-snippet:-1","max-image-preview":"max-image-preview:large","max-video-preview":"max-video-preview:-1"},"canonical":"https:\/\/www.cvo-international.com\/fr\/ovidias\/","og_locale":"fr_FR","og_type":"article","og_title":"Pralines Ovidias | CVO International - Des pralines qui continuent de surprendre","og_description":"Les chocolats Ovidias sont non seulement d\u00e9licieux, mais aussi intelligemment emball\u00e9s. Pour en savoir plus sur cette gamme unique de CVO International.","og_url":"https:\/\/www.cvo-international.com\/fr\/ovidias\/","og_site_name":"CVO International","article_modified_time":"2026-04-29T08:56:21+00:00","twitter_card":"summary_large_image","twitter_misc":{"Dur\u00e9e de lecture estim\u00e9e":"1 minute"},"schema":{"@context":"https:\/\/schema.org","@graph":[{"@type":"WebPage","@id":"https:\/\/www.cvo-international.com\/fr\/ovidias\/","url":"https:\/\/www.cvo-international.com\/fr\/ovidias\/","name":"Pralines Ovidias | CVO International - Des pralines qui continuent de surprendre","isPartOf":{"@id":"https:\/\/www.cvo-international.com\/#website"},"datePublished":"2025-04-04T07:35:49+00:00","dateModified":"2026-04-29T08:56:21+00:00","description":"Les chocolats Ovidias sont non seulement d\u00e9licieux, mais aussi intelligemment emball\u00e9s. Pour en savoir plus sur cette gamme unique de CVO International.","breadcrumb":{"@id":"https:\/\/www.cvo-international.com\/fr\/ovidias\/#breadcrumb"},"inLanguage":"fr-FR","potentialAction":[{"@type":"ReadAction","target":["https:\/\/www.cvo-international.com\/fr\/ovidias\/"]}]},{"@type":"BreadcrumbList","@id":"https:\/\/www.cvo-international.com\/fr\/ovidias\/#breadcrumb","itemListElement":[{"@type":"ListItem","position":1,"name":"Home","item":"https:\/\/www.cvo-international.com\/fr\/"},{"@type":"ListItem","position":2,"name":"Ovidias"}]},{"@type":"WebSite","@id":"https:\/\/www.cvo-international.com\/#website","url":"https:\/\/www.cvo-international.com\/","name":"CVO International","description":"","publisher":{"@id":"https:\/\/www.cvo-international.com\/#organization"},"potentialAction":[{"@type":"SearchAction","target":{"@type":"EntryPoint","urlTemplate":"https:\/\/www.cvo-international.com\/?s={search_term_string}"},"query-input":{"@type":"PropertyValueSpecification","valueRequired":true,"valueName":"search_term_string"}}],"inLanguage":"fr-FR"},{"@type":"Organization","@id":"https:\/\/www.cvo-international.com\/#organization","name":"CVO International","url":"https:\/\/www.cvo-international.com\/","logo":{"@type":"ImageObject","inLanguage":"fr-FR","@id":"https:\/\/www.cvo-international.com\/#\/schema\/logo\/image\/","url":"https:\/\/www.cvo-international.com\/wp-content\/uploads\/2025\/03\/logo-ander-formaat.png","contentUrl":"https:\/\/www.cvo-international.com\/wp-content\/uploads\/2025\/03\/logo-ander-formaat.png","width":500,"height":200,"caption":"CVO International"},"image":{"@id":"https:\/\/www.cvo-international.com\/#\/schema\/logo\/image\/"}}]}},"_links":{"self":[{"href":"https:\/\/www.cvo-international.com\/fr\/wp-json\/wp\/v2\/pages\/2076","targetHints":{"allow":["GET"]}}],"collection":[{"href":"https:\/\/www.cvo-international.com\/fr\/wp-json\/wp\/v2\/pages"}],"about":[{"href":"https:\/\/www.cvo-international.com\/fr\/wp-json\/wp\/v2\/types\/page"}],"author":[{"embeddable":true,"href":"https:\/\/www.cvo-international.com\/fr\/wp-json\/wp\/v2\/users\/1"}],"replies":[{"embeddable":true,"href":"https:\/\/www.cvo-international.com\/fr\/wp-json\/wp\/v2\/comments?post=2076"}],"version-history":[{"count":12,"href":"https:\/\/www.cvo-international.com\/fr\/wp-json\/wp\/v2\/pages\/2076\/revisions"}],"predecessor-version":[{"id":3074,"href":"https:\/\/www.cvo-international.com\/fr\/wp-json\/wp\/v2\/pages\/2076\/revisions\/3074"}],"wp:attachment":[{"href":"https:\/\/www.cvo-international.com\/fr\/wp-json\/wp\/v2\/media?parent=2076"}],"curies":[{"name":"wp","href":"https:\/\/api.w.org\/{rel}","templated":true}]}}