{"id":3142,"date":"2026-04-28T13:54:29","date_gmt":"2026-04-28T13:54:29","guid":{"rendered":"https:\/\/www.cvo-international.com\/sortiment-delights\/"},"modified":"2026-04-29T11:06:37","modified_gmt":"2026-04-29T11:06:37","slug":"sortiment-delights","status":"publish","type":"page","link":"https:\/\/www.cvo-international.com\/de\/sortiment-delights\/","title":{"rendered":"Sortiment Delights"},"content":{"rendered":"\t\t<div data-elementor-type=\"wp-page\" data-elementor-id=\"3142\" class=\"elementor elementor-3142 elementor-2877\" data-elementor-post-type=\"page\">\n\t\t\t\t<div class=\"elementor-element elementor-element-37b6b4f8 e-con-full e-flex e-con e-parent\" data-id=\"37b6b4f8\" data-element_type=\"container\" data-settings=\"{&quot;background_background&quot;:&quot;classic&quot;}\">\n\t\t\t\t<\/div>\n\t\t<div class=\"elementor-element elementor-element-70a71d49 e-con-full e-flex e-con e-parent\" data-id=\"70a71d49\" data-element_type=\"container\">\n\t\t<div class=\"elementor-element elementor-element-2983acb e-con-full e-flex e-con e-child\" data-id=\"2983acb\" data-element_type=\"container\" data-settings=\"{&quot;background_background&quot;:&quot;classic&quot;}\">\n\t\t\t\t<\/div>\n\t\t<div class=\"elementor-element elementor-element-1f696f9d e-con-full e-flex e-con e-child\" data-id=\"1f696f9d\" data-element_type=\"container\">\n\t\t\t\t<div class=\"elementor-element elementor-element-71e5572f elementor-hidden-mobile elementor-widget elementor-widget-heading\" data-id=\"71e5572f\" data-element_type=\"widget\" data-widget_type=\"heading.default\">\n\t\t\t\t<div class=\"elementor-widget-container\">\n\t\t\t\t\t<h2 class=\"elementor-heading-title elementor-size-default\">BUCHETTES nugat<\/h2>\t\t\t\t<\/div>\n\t\t\t\t<\/div>\n\t\t\t\t<div class=\"elementor-element elementor-element-443c91c elementor-widget elementor-widget-text-editor\" data-id=\"443c91c\" data-element_type=\"widget\" data-widget_type=\"text-editor.default\">\n\t\t\t\t<div class=\"elementor-widget-container\">\n\t\t\t\t\t\t\t\t\t<p data-path-to-node=\"0\">Entdecken Sie unsere <b data-path-to-node=\"0\" data-index-in-node=\"12\">Buchettes <\/b><strong>Nugatcreme<\/strong>. Diese Praline mit ihrer seidig-zarten F\u00fcllung und knusprigen, <strong>karamellisierten <\/strong><strong>Haseln\u00fcssen <\/strong>ist ein wahrer Klassiker mit Charakter.<\/p><p data-path-to-node=\"1\">Die St\u00fcckchen karamellisierter Haselnuss sorgen f\u00fcr einen herrlichen Crunch und einen reichen, nussigen Geschmack. Umh\u00fcllt von hochwertiger <strong>belgischer <\/strong><strong>Schokolade <\/strong>entsteht eine perfekte Harmonie zwischen zart und knusprig, s\u00fc\u00df und intensiv.<\/p><p data-path-to-node=\"3\">Die Buchettes sind einzeln verpackt in einer <strong>210g-Geschenkbox<\/strong>. Jede Schachtel enth\u00e4lt 7 k\u00f6stliche Pralinen in wei\u00dfer, Vollmilch- und Zartbitterschokolade.<\/p>\t\t\t\t\t\t\t\t<\/div>\n\t\t\t\t<\/div>\n\t\t\t\t<\/div>\n\t\t\t\t<\/div>\n\t\t<div class=\"elementor-element elementor-element-3cca6c21 e-con-full e-flex e-con e-parent\" data-id=\"3cca6c21\" data-element_type=\"container\" data-settings=\"{&quot;background_background&quot;:&quot;classic&quot;}\">\n\t\t<div class=\"elementor-element elementor-element-610eb05b e-con-full e-flex e-con e-child\" data-id=\"610eb05b\" data-element_type=\"container\" data-settings=\"{&quot;background_background&quot;:&quot;classic&quot;}\">\n\t\t\t\t<\/div>\n\t\t<div class=\"elementor-element elementor-element-24391f81 e-con-full e-flex e-con e-child\" data-id=\"24391f81\" data-element_type=\"container\">\n\t\t\t\t<div class=\"elementor-element elementor-element-426f535a elementor-widget elementor-widget-heading\" data-id=\"426f535a\" data-element_type=\"widget\" data-widget_type=\"heading.default\">\n\t\t\t\t<div class=\"elementor-widget-container\">\n\t\t\t\t\t<h2 class=\"elementor-heading-title elementor-size-default\">Geschenkverpackung<\/h2>\t\t\t\t<\/div>\n\t\t\t\t<\/div>\n\t\t\t\t<div class=\"elementor-element elementor-element-5c86af75 elementor-widget elementor-widget-text-editor\" data-id=\"5c86af75\" data-element_type=\"widget\" data-widget_type=\"text-editor.default\">\n\t\t\t\t<div class=\"elementor-widget-container\">\n\t\t\t\t\t\t\t\t\t<p data-path-to-node=\"0\">Diese raffinierte, flache Geschenkbox enth\u00e4lt eine Mischung aus 13 einzigartigen Pralinen, verpackt in einem Blister.<\/p><p data-path-to-node=\"1\">Jede Praline ist mit einer seidig-zarten, <b data-path-to-node=\"1\" data-index-in-node=\"46\">hausgemachten <\/b><b data-path-to-node=\"1\" data-index-in-node=\"88\">Nugat-F\u00fcllung<\/b> gef\u00fcllt und mit 100% belgischer Schokolade umh\u00fcllt.<\/p><p data-path-to-node=\"2\">Verf\u00fcgbar in <b data-path-to-node=\"2\" data-index-in-node=\"16\">200g<\/b>.<\/p>\t\t\t\t\t\t\t\t<\/div>\n\t\t\t\t<\/div>\n\t\t\t\t<\/div>\n\t\t\t\t<\/div>\n\t\t<div class=\"elementor-element elementor-element-439fd3e8 e-con-full e-flex e-con e-parent\" data-id=\"439fd3e8\" data-element_type=\"container\">\n\t\t<div class=\"elementor-element elementor-element-31efbddd e-con-full e-flex e-con e-child\" data-id=\"31efbddd\" data-element_type=\"container\" data-settings=\"{&quot;background_background&quot;:&quot;classic&quot;}\">\n\t\t\t\t<\/div>\n\t\t<div class=\"elementor-element elementor-element-116c3f3a e-con-full e-flex e-con e-child\" data-id=\"116c3f3a\" data-element_type=\"container\">\n\t\t\t\t<div class=\"elementor-element elementor-element-3f82153f elementor-widget elementor-widget-heading\" data-id=\"3f82153f\" data-element_type=\"widget\" data-widget_type=\"heading.default\">\n\t\t\t\t<div class=\"elementor-widget-container\">\n\t\t\t\t\t<h2 class=\"elementor-heading-title elementor-size-default\">Pralinen in einer Dose<\/h2>\t\t\t\t<\/div>\n\t\t\t\t<\/div>\n\t\t\t\t<div class=\"elementor-element elementor-element-48014801 elementor-widget elementor-widget-text-editor\" data-id=\"48014801\" data-element_type=\"widget\" data-widget_type=\"text-editor.default\">\n\t\t\t\t<div class=\"elementor-widget-container\">\n\t\t\t\t\t\t\t\t\t<p><b data-path-to-node=\"0\" data-index-in-node=\"0\">Belgische Qualit\u00e4ts-Schokolade<\/b> in einer \u00fcberraschenden Verpackung, f\u00fcr jeden besonderen Anlass.<\/p><p>Schokoladenliebhaber entscheiden sich f\u00fcr das <b data-path-to-node=\"0\" data-index-in-node=\"61\">einzigartige <\/b><b data-path-to-node=\"0\" data-index-in-node=\"133\">Geschmackserlebnis <\/b>von Chocolate Delights. Die Dosen sind in 4 Sortimenten erh\u00e4ltlich, in 65g (6 St\u00fcck).<\/p><p>Auch als sch\u00f6ne Geschenkverpackung mit 4 Dosen erh\u00e4ltlich.<\/p><p>\u00a0<\/p><p>Mit diesem <strong>einzigartigen <\/strong><strong>Konzept <\/strong>lassen sich neue M\u00e4rkte erschlie\u00dfen:<\/p><ul><li>Minibars in Hotels,<\/li><li>Nahversorger Gesch\u00e4fte,<\/li><li>Tankstellen,<\/li><li>Kinos, Snackbars,<\/li><li>Krankenh\u00e4user,<\/li><li>Flugh\u00e4fen, Seeh\u00e4fen,<\/li><li>Catering f\u00fcr Flugzeuge, Schiffe und Z\u00fcge,<\/li><li>Geschenk- und Kartenl\u00e4den, Kioske,<\/li><\/ul>\t\t\t\t\t\t\t\t<\/div>\n\t\t\t\t<\/div>\n\t\t\t\t<\/div>\n\t\t\t\t<\/div>\n\t\t<div class=\"elementor-element elementor-element-3e75cbab e-con-full e-flex e-con e-parent\" data-id=\"3e75cbab\" data-element_type=\"container\">\n\t\t<div class=\"elementor-element elementor-element-2e532f15 e-con-full e-flex e-con e-child\" data-id=\"2e532f15\" data-element_type=\"container\" data-settings=\"{&quot;background_background&quot;:&quot;classic&quot;}\">\n\t\t\t\t<\/div>\n\t\t<div class=\"elementor-element elementor-element-399edda0 e-con-full e-flex e-con e-child\" data-id=\"399edda0\" data-element_type=\"container\">\n\t\t\t\t<div class=\"elementor-element elementor-element-39376a6b elementor-hidden-mobile elementor-widget elementor-widget-heading\" data-id=\"39376a6b\" data-element_type=\"widget\" data-widget_type=\"heading.default\">\n\t\t\t\t<div class=\"elementor-widget-container\">\n\t\t\t\t\t<h2 class=\"elementor-heading-title elementor-size-default\">Fruchtige Sahnepralinen<\/h2>\t\t\t\t<\/div>\n\t\t\t\t<\/div>\n\t\t\t\t<div class=\"elementor-element elementor-element-17a37fa3 elementor-widget elementor-widget-text-editor\" data-id=\"17a37fa3\" data-element_type=\"widget\" data-widget_type=\"text-editor.default\">\n\t\t\t\t<div class=\"elementor-widget-container\">\n\t\t\t\t\t\t\t\t\t<p data-path-to-node=\"0\">Unsere <b data-path-to-node=\"0\" data-index-in-node=\"14\">fruchtigen <\/b>Manons vereinen das Beste aus zwei Welten: eine zarte, cremige F\u00fcllung, veredelt mit frischen, fruchtigen Noten.<\/p><p data-path-to-node=\"1\">Jede Praline \u00fcberrascht mit einer perfekt ausgewogenen Kombination aus S\u00fc\u00dfe und Frucht, umh\u00fcllt von hochwertiger belgischer Schokolade.<\/p><p data-path-to-node=\"2\">Die <b data-path-to-node=\"2\" data-index-in-node=\"3\">12 <\/b><b data-path-to-node=\"2\" data-index-in-node=\"66\">Manons <\/b>sind in einem transparenten Blister von <strong>200g verpackt<\/strong>. Dies sorgt f\u00fcr optimalen Schutz und Frische und bietet gleichzeitig eine ansprechende und hygienische Pr\u00e4sentation.<\/p>\t\t\t\t\t\t\t\t<\/div>\n\t\t\t\t<\/div>\n\t\t\t\t<\/div>\n\t\t\t\t<\/div>\n\t\t\t\t<\/div>\n\t\t","protected":false},"excerpt":{"rendered":"<p>BUCHETTES nugat Entdecken Sie unsere Buchettes Nugatcreme. Diese Praline mit ihrer seidig-zarten F\u00fcllung und knusprigen, karamellisierten Haseln\u00fcssen ist ein wahrer Klassiker mit Charakter. Die St\u00fcckchen karamellisierter Haselnuss sorgen f\u00fcr einen herrlichen Crunch und einen reichen, nussigen Geschmack. Umh\u00fcllt von hochwertiger belgischer Schokolade entsteht eine perfekte Harmonie zwischen zart und knusprig, s\u00fc\u00df und intensiv. Die Buchettes [&hellip;]<\/p>\n","protected":false},"author":2,"featured_media":0,"parent":0,"menu_order":0,"comment_status":"closed","ping_status":"closed","template":"","meta":{"footnotes":""},"class_list":["post-3142","page","type-page","status-publish","hentry"],"yoast_head":"<!-- This site is optimized with the Yoast SEO plugin v27.2 - https:\/\/yoast.com\/product\/yoast-seo-wordpress\/ -->\n<title>Sortiment Delights - CVO International<\/title>\n<meta name=\"robots\" content=\"index, follow, max-snippet:-1, max-image-preview:large, max-video-preview:-1\" \/>\n<link rel=\"canonical\" href=\"https:\/\/www.cvo-international.com\/de\/sortiment-delights\/\" \/>\n<meta property=\"og:locale\" content=\"de_DE\" \/>\n<meta property=\"og:type\" content=\"article\" \/>\n<meta property=\"og:title\" content=\"Sortiment Delights - CVO International\" \/>\n<meta property=\"og:description\" content=\"BUCHETTES nugat Entdecken Sie unsere Buchettes Nugatcreme. Diese Praline mit ihrer seidig-zarten F\u00fcllung und knusprigen, karamellisierten Haseln\u00fcssen ist ein wahrer Klassiker mit Charakter. Die St\u00fcckchen karamellisierter Haselnuss sorgen f\u00fcr einen herrlichen Crunch und einen reichen, nussigen Geschmack. Umh\u00fcllt von hochwertiger belgischer Schokolade entsteht eine perfekte Harmonie zwischen zart und knusprig, s\u00fc\u00df und intensiv. Die Buchettes [&hellip;]\" \/>\n<meta property=\"og:url\" content=\"https:\/\/www.cvo-international.com\/de\/sortiment-delights\/\" \/>\n<meta property=\"og:site_name\" content=\"CVO International\" \/>\n<meta property=\"article:modified_time\" content=\"2026-04-29T11:06:37+00:00\" \/>\n<meta name=\"twitter:card\" content=\"summary_large_image\" \/>\n<meta name=\"twitter:label1\" content=\"Gesch\u00e4tzte Lesezeit\" \/>\n\t<meta name=\"twitter:data1\" content=\"2\u00a0Minuten\" \/>\n<script type=\"application\/ld+json\" class=\"yoast-schema-graph\">{\"@context\":\"https:\/\/schema.org\",\"@graph\":[{\"@type\":\"WebPage\",\"@id\":\"https:\/\/www.cvo-international.com\/de\/sortiment-delights\/\",\"url\":\"https:\/\/www.cvo-international.com\/de\/sortiment-delights\/\",\"name\":\"Sortiment Delights - CVO International\",\"isPartOf\":{\"@id\":\"https:\/\/www.cvo-international.com\/#website\"},\"datePublished\":\"2026-04-28T13:54:29+00:00\",\"dateModified\":\"2026-04-29T11:06:37+00:00\",\"breadcrumb\":{\"@id\":\"https:\/\/www.cvo-international.com\/de\/sortiment-delights\/#breadcrumb\"},\"inLanguage\":\"de\",\"potentialAction\":[{\"@type\":\"ReadAction\",\"target\":[\"https:\/\/www.cvo-international.com\/de\/sortiment-delights\/\"]}]},{\"@type\":\"BreadcrumbList\",\"@id\":\"https:\/\/www.cvo-international.com\/de\/sortiment-delights\/#breadcrumb\",\"itemListElement\":[{\"@type\":\"ListItem\",\"position\":1,\"name\":\"Home\",\"item\":\"https:\/\/www.cvo-international.com\/de\/\"},{\"@type\":\"ListItem\",\"position\":2,\"name\":\"Sortiment Delights\"}]},{\"@type\":\"WebSite\",\"@id\":\"https:\/\/www.cvo-international.com\/#website\",\"url\":\"https:\/\/www.cvo-international.com\/\",\"name\":\"CVO International\",\"description\":\"\",\"publisher\":{\"@id\":\"https:\/\/www.cvo-international.com\/#organization\"},\"potentialAction\":[{\"@type\":\"SearchAction\",\"target\":{\"@type\":\"EntryPoint\",\"urlTemplate\":\"https:\/\/www.cvo-international.com\/?s={search_term_string}\"},\"query-input\":{\"@type\":\"PropertyValueSpecification\",\"valueRequired\":true,\"valueName\":\"search_term_string\"}}],\"inLanguage\":\"de\"},{\"@type\":\"Organization\",\"@id\":\"https:\/\/www.cvo-international.com\/#organization\",\"name\":\"CVO International\",\"url\":\"https:\/\/www.cvo-international.com\/\",\"logo\":{\"@type\":\"ImageObject\",\"inLanguage\":\"de\",\"@id\":\"https:\/\/www.cvo-international.com\/#\/schema\/logo\/image\/\",\"url\":\"https:\/\/www.cvo-international.com\/wp-content\/uploads\/2025\/03\/logo-ander-formaat.png\",\"contentUrl\":\"https:\/\/www.cvo-international.com\/wp-content\/uploads\/2025\/03\/logo-ander-formaat.png\",\"width\":500,\"height\":200,\"caption\":\"CVO International\"},\"image\":{\"@id\":\"https:\/\/www.cvo-international.com\/#\/schema\/logo\/image\/\"}}]}<\/script>\n<!-- \/ Yoast SEO plugin. -->","yoast_head_json":{"title":"Sortiment Delights - CVO International","robots":{"index":"index","follow":"follow","max-snippet":"max-snippet:-1","max-image-preview":"max-image-preview:large","max-video-preview":"max-video-preview:-1"},"canonical":"https:\/\/www.cvo-international.com\/de\/sortiment-delights\/","og_locale":"de_DE","og_type":"article","og_title":"Sortiment Delights - CVO International","og_description":"BUCHETTES nugat Entdecken Sie unsere Buchettes Nugatcreme. Diese Praline mit ihrer seidig-zarten F\u00fcllung und knusprigen, karamellisierten Haseln\u00fcssen ist ein wahrer Klassiker mit Charakter. Die St\u00fcckchen karamellisierter Haselnuss sorgen f\u00fcr einen herrlichen Crunch und einen reichen, nussigen Geschmack. Umh\u00fcllt von hochwertiger belgischer Schokolade entsteht eine perfekte Harmonie zwischen zart und knusprig, s\u00fc\u00df und intensiv. Die Buchettes [&hellip;]","og_url":"https:\/\/www.cvo-international.com\/de\/sortiment-delights\/","og_site_name":"CVO International","article_modified_time":"2026-04-29T11:06:37+00:00","twitter_card":"summary_large_image","twitter_misc":{"Gesch\u00e4tzte Lesezeit":"2\u00a0Minuten"},"schema":{"@context":"https:\/\/schema.org","@graph":[{"@type":"WebPage","@id":"https:\/\/www.cvo-international.com\/de\/sortiment-delights\/","url":"https:\/\/www.cvo-international.com\/de\/sortiment-delights\/","name":"Sortiment Delights - CVO International","isPartOf":{"@id":"https:\/\/www.cvo-international.com\/#website"},"datePublished":"2026-04-28T13:54:29+00:00","dateModified":"2026-04-29T11:06:37+00:00","breadcrumb":{"@id":"https:\/\/www.cvo-international.com\/de\/sortiment-delights\/#breadcrumb"},"inLanguage":"de","potentialAction":[{"@type":"ReadAction","target":["https:\/\/www.cvo-international.com\/de\/sortiment-delights\/"]}]},{"@type":"BreadcrumbList","@id":"https:\/\/www.cvo-international.com\/de\/sortiment-delights\/#breadcrumb","itemListElement":[{"@type":"ListItem","position":1,"name":"Home","item":"https:\/\/www.cvo-international.com\/de\/"},{"@type":"ListItem","position":2,"name":"Sortiment Delights"}]},{"@type":"WebSite","@id":"https:\/\/www.cvo-international.com\/#website","url":"https:\/\/www.cvo-international.com\/","name":"CVO International","description":"","publisher":{"@id":"https:\/\/www.cvo-international.com\/#organization"},"potentialAction":[{"@type":"SearchAction","target":{"@type":"EntryPoint","urlTemplate":"https:\/\/www.cvo-international.com\/?s={search_term_string}"},"query-input":{"@type":"PropertyValueSpecification","valueRequired":true,"valueName":"search_term_string"}}],"inLanguage":"de"},{"@type":"Organization","@id":"https:\/\/www.cvo-international.com\/#organization","name":"CVO International","url":"https:\/\/www.cvo-international.com\/","logo":{"@type":"ImageObject","inLanguage":"de","@id":"https:\/\/www.cvo-international.com\/#\/schema\/logo\/image\/","url":"https:\/\/www.cvo-international.com\/wp-content\/uploads\/2025\/03\/logo-ander-formaat.png","contentUrl":"https:\/\/www.cvo-international.com\/wp-content\/uploads\/2025\/03\/logo-ander-formaat.png","width":500,"height":200,"caption":"CVO International"},"image":{"@id":"https:\/\/www.cvo-international.com\/#\/schema\/logo\/image\/"}}]}},"_links":{"self":[{"href":"https:\/\/www.cvo-international.com\/de\/wp-json\/wp\/v2\/pages\/3142","targetHints":{"allow":["GET"]}}],"collection":[{"href":"https:\/\/www.cvo-international.com\/de\/wp-json\/wp\/v2\/pages"}],"about":[{"href":"https:\/\/www.cvo-international.com\/de\/wp-json\/wp\/v2\/types\/page"}],"author":[{"embeddable":true,"href":"https:\/\/www.cvo-international.com\/de\/wp-json\/wp\/v2\/users\/2"}],"replies":[{"embeddable":true,"href":"https:\/\/www.cvo-international.com\/de\/wp-json\/wp\/v2\/comments?post=3142"}],"version-history":[{"count":4,"href":"https:\/\/www.cvo-international.com\/de\/wp-json\/wp\/v2\/pages\/3142\/revisions"}],"predecessor-version":[{"id":3182,"href":"https:\/\/www.cvo-international.com\/de\/wp-json\/wp\/v2\/pages\/3142\/revisions\/3182"}],"wp:attachment":[{"href":"https:\/\/www.cvo-international.com\/de\/wp-json\/wp\/v2\/media?parent=3142"}],"curies":[{"name":"wp","href":"https:\/\/api.w.org\/{rel}","templated":true}]}}