{"id":2332,"date":"2025-05-21T09:35:41","date_gmt":"2025-05-21T09:35:41","guid":{"rendered":"https:\/\/www.cvo-international.com\/qualitaetslabels\/"},"modified":"2025-06-13T11:54:37","modified_gmt":"2025-06-13T11:54:37","slug":"qualitaetslabels","status":"publish","type":"page","link":"https:\/\/www.cvo-international.com\/de\/qualitaetslabels\/","title":{"rendered":"Qualit\u00e4tslabels"},"content":{"rendered":"\t\t<div data-elementor-type=\"wp-page\" data-elementor-id=\"2332\" class=\"elementor elementor-2332 elementor-1943\" data-elementor-post-type=\"page\">\n\t\t\t\t<div class=\"elementor-element elementor-element-56dfbdd1 e-con-full e-flex e-con e-parent\" data-id=\"56dfbdd1\" data-element_type=\"container\">\n\t\t<div class=\"elementor-element elementor-element-6ee577d0 e-con-full e-flex e-con e-child\" data-id=\"6ee577d0\" data-element_type=\"container\" data-settings=\"{&quot;background_background&quot;:&quot;classic&quot;}\">\n\t\t\t\t<\/div>\n\t\t<div class=\"elementor-element elementor-element-53169d64 e-con-full e-flex e-con e-child\" data-id=\"53169d64\" data-element_type=\"container\">\n\t\t\t\t<div class=\"elementor-element elementor-element-34fe94fd elementor-widget elementor-widget-menu-anchor\" data-id=\"34fe94fd\" data-element_type=\"widget\" data-widget_type=\"menu-anchor.default\">\n\t\t\t\t<div class=\"elementor-widget-container\">\n\t\t\t\t\t\t\t<div class=\"elementor-menu-anchor\" id=\"scroll-doel\"><\/div>\n\t\t\t\t\t\t<\/div>\n\t\t\t\t<\/div>\n\t\t\t\t<div class=\"elementor-element elementor-element-4f16b elementor-hidden-mobile elementor-widget elementor-widget-heading\" data-id=\"4f16b\" data-element_type=\"widget\" data-widget_type=\"heading.default\">\n\t\t\t\t<div class=\"elementor-widget-container\">\n\t\t\t\t\t<h2 class=\"elementor-heading-title elementor-size-default\">BRC und IFS Qualit\u00e4tslabels<\/h2>\t\t\t\t<\/div>\n\t\t\t\t<\/div>\n\t\t\t\t<div class=\"elementor-element elementor-element-7bf4918f elementor-widget elementor-widget-text-editor\" data-id=\"7bf4918f\" data-element_type=\"widget\" data-widget_type=\"text-editor.default\">\n\t\t\t\t<div class=\"elementor-widget-container\">\n\t\t\t\t\t\t\t\t\t<p class=\"\" data-start=\"65\" data-end=\"396\">Wir freuen uns, mitteilen zu k\u00f6nnen, dass wir im vergangenen Jahr hervorragende Ergebnisse im Bereich Lebensmittelsicherheit und Qualit\u00e4t erzielt haben. W\u00e4hrend der j\u00e4hrlichen Audits nach den Standards IFS Food Standard und BRC Global Standard for Food Safety haben wir die Erwartungen erfolgreich erf\u00fcllt \u2013 und sogar \u00fcbertroffen. <\/p><p class=\"\" data-start=\"398\" data-end=\"740\">Beim IFS-Audit haben wir eine <a href=\"https:\/\/www.cvo-international.com\/wp-content\/uploads\/2025\/05\/PDF-2025-RC-6942-2007-AIFS-BEL-ACCREDIA-IFS-002.pdf\" target=\"_blank\" rel=\"noopener\">High-Level-Zertifizierung<\/a> mit einer Punktzahl von 98,34 % erreicht. Das zeigt, dass unsere Produktionsprozesse, Qualit\u00e4tskontrollen und R\u00fcckverfolgbarkeit vollst\u00e4ndig den h\u00f6chsten internationalen Standards entsprechen. Dies ist eine bedeutende Anerkennung unseres Engagements f\u00fcr die Herstellung sicherer und hochwertiger Schokolade. <\/p><p class=\"\" data-start=\"742\" data-end=\"1006\">Das BRC-Audit ergab eine <a href=\"https:\/\/www.cvo-international.com\/wp-content\/uploads\/2025\/05\/PDF-2025-RC-53174-2009-ABRC-BEL-ACCREDIA-BRC.pdf\" target=\"_blank\" rel=\"noopener\">A+-Bewertung<\/a>. Dies best\u00e4tigt, dass unser Qualit\u00e4tssystem und unsere Verfahren im Bereich Lebensmittelsicherheit gr\u00fcndlich implementiert sind und konsequent eingehalten werden \u2013 vom Eingang der Rohstoffe bis hin zur Verpackung unserer Pralinen. <\/p><p class=\"\" data-start=\"1008\" data-end=\"1332\">Diese Zertifizierungsergebnisse unterstreichen unseren kontinuierlichen Fokus auf Qualit\u00e4t, Hygiene und Kundenzufriedenheit. Wir investieren weiterhin in Schulungen, Innovationen und Prozessoptimierungen, um diese hohen Standards zu halten und sicherzustellen, dass unsere Kunden weiterhin auf die Sicherheit und Qualit\u00e4t unserer Schokolade vertrauen k\u00f6nnen. <\/p>\t\t\t\t\t\t\t\t<\/div>\n\t\t\t\t<\/div>\n\t\t\t\t<\/div>\n\t\t\t\t<\/div>\n\t\t\t\t<\/div>\n\t\t","protected":false},"excerpt":{"rendered":"<p>BRC und IFS Qualit\u00e4tslabels Wir freuen uns, mitteilen zu k\u00f6nnen, dass wir im vergangenen Jahr hervorragende Ergebnisse im Bereich Lebensmittelsicherheit und Qualit\u00e4t erzielt haben. W\u00e4hrend der j\u00e4hrlichen Audits nach den Standards IFS Food Standard und BRC Global Standard for Food Safety haben wir die Erwartungen erfolgreich erf\u00fcllt \u2013 und sogar \u00fcbertroffen. Beim IFS-Audit haben wir [&hellip;]<\/p>\n","protected":false},"author":2,"featured_media":0,"parent":0,"menu_order":0,"comment_status":"closed","ping_status":"closed","template":"","meta":{"footnotes":""},"class_list":["post-2332","page","type-page","status-publish","hentry"],"yoast_head":"<!-- This site is optimized with the Yoast SEO plugin v27.2 - https:\/\/yoast.com\/product\/yoast-seo-wordpress\/ -->\n<title>Qualit\u00e4tslabels - CVO International<\/title>\n<meta name=\"robots\" content=\"index, follow, max-snippet:-1, max-image-preview:large, max-video-preview:-1\" \/>\n<link rel=\"canonical\" href=\"https:\/\/www.cvo-international.com\/de\/qualitaetslabels\/\" \/>\n<meta property=\"og:locale\" content=\"de_DE\" \/>\n<meta property=\"og:type\" content=\"article\" \/>\n<meta property=\"og:title\" content=\"Qualit\u00e4tslabels - CVO International\" \/>\n<meta property=\"og:description\" content=\"BRC und IFS Qualit\u00e4tslabels Wir freuen uns, mitteilen zu k\u00f6nnen, dass wir im vergangenen Jahr hervorragende Ergebnisse im Bereich Lebensmittelsicherheit und Qualit\u00e4t erzielt haben. W\u00e4hrend der j\u00e4hrlichen Audits nach den Standards IFS Food Standard und BRC Global Standard for Food Safety haben wir die Erwartungen erfolgreich erf\u00fcllt \u2013 und sogar \u00fcbertroffen. Beim IFS-Audit haben wir [&hellip;]\" \/>\n<meta property=\"og:url\" content=\"https:\/\/www.cvo-international.com\/de\/qualitaetslabels\/\" \/>\n<meta property=\"og:site_name\" content=\"CVO International\" \/>\n<meta property=\"article:modified_time\" content=\"2025-06-13T11:54:37+00:00\" \/>\n<meta name=\"twitter:card\" content=\"summary_large_image\" \/>\n<meta name=\"twitter:label1\" content=\"Gesch\u00e4tzte Lesezeit\" \/>\n\t<meta name=\"twitter:data1\" content=\"1\u00a0Minute\" \/>\n<script type=\"application\/ld+json\" class=\"yoast-schema-graph\">{\"@context\":\"https:\/\/schema.org\",\"@graph\":[{\"@type\":\"WebPage\",\"@id\":\"https:\/\/www.cvo-international.com\/de\/qualitaetslabels\/\",\"url\":\"https:\/\/www.cvo-international.com\/de\/qualitaetslabels\/\",\"name\":\"Qualit\u00e4tslabels - CVO International\",\"isPartOf\":{\"@id\":\"https:\/\/www.cvo-international.com\/#website\"},\"datePublished\":\"2025-05-21T09:35:41+00:00\",\"dateModified\":\"2025-06-13T11:54:37+00:00\",\"breadcrumb\":{\"@id\":\"https:\/\/www.cvo-international.com\/de\/qualitaetslabels\/#breadcrumb\"},\"inLanguage\":\"de\",\"potentialAction\":[{\"@type\":\"ReadAction\",\"target\":[\"https:\/\/www.cvo-international.com\/de\/qualitaetslabels\/\"]}]},{\"@type\":\"BreadcrumbList\",\"@id\":\"https:\/\/www.cvo-international.com\/de\/qualitaetslabels\/#breadcrumb\",\"itemListElement\":[{\"@type\":\"ListItem\",\"position\":1,\"name\":\"Home\",\"item\":\"https:\/\/www.cvo-international.com\/de\/\"},{\"@type\":\"ListItem\",\"position\":2,\"name\":\"Qualit\u00e4tslabels\"}]},{\"@type\":\"WebSite\",\"@id\":\"https:\/\/www.cvo-international.com\/#website\",\"url\":\"https:\/\/www.cvo-international.com\/\",\"name\":\"CVO International\",\"description\":\"\",\"publisher\":{\"@id\":\"https:\/\/www.cvo-international.com\/#organization\"},\"potentialAction\":[{\"@type\":\"SearchAction\",\"target\":{\"@type\":\"EntryPoint\",\"urlTemplate\":\"https:\/\/www.cvo-international.com\/?s={search_term_string}\"},\"query-input\":{\"@type\":\"PropertyValueSpecification\",\"valueRequired\":true,\"valueName\":\"search_term_string\"}}],\"inLanguage\":\"de\"},{\"@type\":\"Organization\",\"@id\":\"https:\/\/www.cvo-international.com\/#organization\",\"name\":\"CVO International\",\"url\":\"https:\/\/www.cvo-international.com\/\",\"logo\":{\"@type\":\"ImageObject\",\"inLanguage\":\"de\",\"@id\":\"https:\/\/www.cvo-international.com\/#\/schema\/logo\/image\/\",\"url\":\"https:\/\/www.cvo-international.com\/wp-content\/uploads\/2025\/03\/logo-ander-formaat.png\",\"contentUrl\":\"https:\/\/www.cvo-international.com\/wp-content\/uploads\/2025\/03\/logo-ander-formaat.png\",\"width\":500,\"height\":200,\"caption\":\"CVO International\"},\"image\":{\"@id\":\"https:\/\/www.cvo-international.com\/#\/schema\/logo\/image\/\"}}]}<\/script>\n<!-- \/ Yoast SEO plugin. -->","yoast_head_json":{"title":"Qualit\u00e4tslabels - CVO International","robots":{"index":"index","follow":"follow","max-snippet":"max-snippet:-1","max-image-preview":"max-image-preview:large","max-video-preview":"max-video-preview:-1"},"canonical":"https:\/\/www.cvo-international.com\/de\/qualitaetslabels\/","og_locale":"de_DE","og_type":"article","og_title":"Qualit\u00e4tslabels - CVO International","og_description":"BRC und IFS Qualit\u00e4tslabels Wir freuen uns, mitteilen zu k\u00f6nnen, dass wir im vergangenen Jahr hervorragende Ergebnisse im Bereich Lebensmittelsicherheit und Qualit\u00e4t erzielt haben. W\u00e4hrend der j\u00e4hrlichen Audits nach den Standards IFS Food Standard und BRC Global Standard for Food Safety haben wir die Erwartungen erfolgreich erf\u00fcllt \u2013 und sogar \u00fcbertroffen. Beim IFS-Audit haben wir [&hellip;]","og_url":"https:\/\/www.cvo-international.com\/de\/qualitaetslabels\/","og_site_name":"CVO International","article_modified_time":"2025-06-13T11:54:37+00:00","twitter_card":"summary_large_image","twitter_misc":{"Gesch\u00e4tzte Lesezeit":"1\u00a0Minute"},"schema":{"@context":"https:\/\/schema.org","@graph":[{"@type":"WebPage","@id":"https:\/\/www.cvo-international.com\/de\/qualitaetslabels\/","url":"https:\/\/www.cvo-international.com\/de\/qualitaetslabels\/","name":"Qualit\u00e4tslabels - CVO International","isPartOf":{"@id":"https:\/\/www.cvo-international.com\/#website"},"datePublished":"2025-05-21T09:35:41+00:00","dateModified":"2025-06-13T11:54:37+00:00","breadcrumb":{"@id":"https:\/\/www.cvo-international.com\/de\/qualitaetslabels\/#breadcrumb"},"inLanguage":"de","potentialAction":[{"@type":"ReadAction","target":["https:\/\/www.cvo-international.com\/de\/qualitaetslabels\/"]}]},{"@type":"BreadcrumbList","@id":"https:\/\/www.cvo-international.com\/de\/qualitaetslabels\/#breadcrumb","itemListElement":[{"@type":"ListItem","position":1,"name":"Home","item":"https:\/\/www.cvo-international.com\/de\/"},{"@type":"ListItem","position":2,"name":"Qualit\u00e4tslabels"}]},{"@type":"WebSite","@id":"https:\/\/www.cvo-international.com\/#website","url":"https:\/\/www.cvo-international.com\/","name":"CVO International","description":"","publisher":{"@id":"https:\/\/www.cvo-international.com\/#organization"},"potentialAction":[{"@type":"SearchAction","target":{"@type":"EntryPoint","urlTemplate":"https:\/\/www.cvo-international.com\/?s={search_term_string}"},"query-input":{"@type":"PropertyValueSpecification","valueRequired":true,"valueName":"search_term_string"}}],"inLanguage":"de"},{"@type":"Organization","@id":"https:\/\/www.cvo-international.com\/#organization","name":"CVO International","url":"https:\/\/www.cvo-international.com\/","logo":{"@type":"ImageObject","inLanguage":"de","@id":"https:\/\/www.cvo-international.com\/#\/schema\/logo\/image\/","url":"https:\/\/www.cvo-international.com\/wp-content\/uploads\/2025\/03\/logo-ander-formaat.png","contentUrl":"https:\/\/www.cvo-international.com\/wp-content\/uploads\/2025\/03\/logo-ander-formaat.png","width":500,"height":200,"caption":"CVO International"},"image":{"@id":"https:\/\/www.cvo-international.com\/#\/schema\/logo\/image\/"}}]}},"_links":{"self":[{"href":"https:\/\/www.cvo-international.com\/de\/wp-json\/wp\/v2\/pages\/2332","targetHints":{"allow":["GET"]}}],"collection":[{"href":"https:\/\/www.cvo-international.com\/de\/wp-json\/wp\/v2\/pages"}],"about":[{"href":"https:\/\/www.cvo-international.com\/de\/wp-json\/wp\/v2\/types\/page"}],"author":[{"embeddable":true,"href":"https:\/\/www.cvo-international.com\/de\/wp-json\/wp\/v2\/users\/2"}],"replies":[{"embeddable":true,"href":"https:\/\/www.cvo-international.com\/de\/wp-json\/wp\/v2\/comments?post=2332"}],"version-history":[{"count":1,"href":"https:\/\/www.cvo-international.com\/de\/wp-json\/wp\/v2\/pages\/2332\/revisions"}],"predecessor-version":[{"id":2333,"href":"https:\/\/www.cvo-international.com\/de\/wp-json\/wp\/v2\/pages\/2332\/revisions\/2333"}],"wp:attachment":[{"href":"https:\/\/www.cvo-international.com\/de\/wp-json\/wp\/v2\/media?parent=2332"}],"curies":[{"name":"wp","href":"https:\/\/api.w.org\/{rel}","templated":true}]}}